{"id":13,"date":"2023-07-07T16:45:44","date_gmt":"2023-07-07T14:45:44","guid":{"rendered":"https:\/\/houseofserenissima.com\/?page_id=13"},"modified":"2025-12-14T15:02:16","modified_gmt":"2025-12-14T14:02:16","slug":"il-nuovo-umoma-apre-i-battenti-2","status":"publish","type":"page","link":"https:\/\/houseofserenissima.com\/en\/","title":{"rendered":"House of Serenissima"},"content":{"rendered":"<div class=\"wp-block-group alignwide\"><div class=\"wp-block-group__inner-container is-layout-flow wp-block-group-is-layout-flow\">\n<h2 class=\"wp-block-heading has-text-align-center\">The Drag House in Venice<\/h2>\n\n\n\n<p><strong>IMPORTANT ANNOUNCEMENT<\/strong><\/p>\n\n\n\n<figure class=\"wp-block-embed is-type-wp-embed is-provider-house-of-serenissima wp-block-embed-house-of-serenissima\"><div class=\"wp-block-embed__wrapper\">\n<blockquote class=\"wp-embedded-content\" data-secret=\"LsHRGViUKs\"><a href=\"https:\/\/houseofserenissima.com\/en\/convocazione-assemblea-generale-ordinaria\/\">Convocation of the Ordinary General Meeting<\/a><\/blockquote><iframe loading=\"lazy\" class=\"wp-embedded-content\" sandbox=\"allow-scripts\" security=\"restricted\" style=\"position: absolute; visibility: hidden;\" title=\"&quot;Convocation of Ordinary General Meeting&quot; - House of Serenissima\" src=\"https:\/\/houseofserenissima.com\/convocazione-assemblea-generale-ordinaria\/embed\/#?secret=U8gAUjaQXI#?secret=LsHRGViUKs\" data-secret=\"LsHRGViUKs\" width=\"580\" height=\"327\" frameborder=\"0\" marginwidth=\"0\" marginheight=\"0\" scrolling=\"no\"><\/iframe>\n<\/div><\/figure>\n\n\n\n<p><strong>Live from the blog<\/strong>:<\/p>\n\n\n\n<p><a href=\"https:\/\/houseofserenissima.com\/en\/un-bafta-per-la-house\/\" target=\"_blank\" rel=\"noreferrer noopener\">A Bafta for the House of Serenissima?<\/a><\/p>\n\n\n\n<p><a href=\"https:\/\/houseofserenissima.com\/en\/avete-un-mondo-dentro\/\" target=\"_blank\" rel=\"noreferrer noopener\">'You have a world inside'<\/a> by Lola Benvestio <\/p>\n\n\n\n<p><\/p>\n\n\n\n<p><strong>House on TV<\/strong><\/p>\n\n\n\n<p>The House of Serenissima in the <strong>French TV<\/strong>: discover the House drag project in Canal+'s 'Les nouveaux explorateurs' programme<\/p>\n\n\n\n<p><a href=\"https:\/\/www.canalplus.com\/decouverte\/les-mysteres-de-venise\/h\/26892511_50001\" target=\"_blank\" rel=\"noreferrer noopener\">Pour les 40 ans de Canal+, l'\u00e9quipe des Nouveaux Explorateurs se retrouve \u00e0 Venise pour une \u00e9mission sp\u00e9ciale, o\u00f9 ils partent \u00e0 la d\u00e9couverte des myst\u00e8res de la S\u00e9r\u00e9nissime.<\/a><\/p>\n\n\n\n<p>Discover our adventures also on <strong>BBC2<\/strong>with Rob and Rylan's Grand Tour<\/p>\n\n\n\n<p><a href=\"https:\/\/www.instagram.com\/bbcarts\/reel\/C6gS6LZoeVq\/?hl=it\" target=\"_blank\" rel=\"noreferrer noopener\">BBC Arts | Rob Rinder and Rylan are following in the footsteps of romantic poet Lord Byron to mark the 200th anniversary of his death.   Immersing... | Instagram<\/a><\/p>\n<\/div><\/div>\n\n\n\n<div class=\"wp-block-columns alignwide is-layout-flex wp-container-core-columns-is-layout-9d6595d7 wp-block-columns-is-layout-flex\">\n<div class=\"wp-block-column is-layout-flow wp-block-column-is-layout-flow\">\n<div class=\"wp-block-group\"><div class=\"wp-block-group__inner-container is-layout-flow wp-block-group-is-layout-flow\">\n<figure class=\"wp-block-image alignfull size-large\"><img loading=\"lazy\" decoding=\"async\" width=\"1729\" height=\"2304\" src=\"https:\/\/houseofserenissima.com\/wp-content\/uploads\/2023\/07\/IMG_0919-edited-1.jpg\" alt=\"\" class=\"wp-image-127\" srcset=\"https:\/\/houseofserenissima.com\/wp-content\/uploads\/2023\/07\/IMG_0919-edited-1.jpg 1729w, https:\/\/houseofserenissima.com\/wp-content\/uploads\/2023\/07\/IMG_0919-edited-1-225x300.jpg 225w, https:\/\/houseofserenissima.com\/wp-content\/uploads\/2023\/07\/IMG_0919-edited-1-768x1023.jpg 768w, https:\/\/houseofserenissima.com\/wp-content\/uploads\/2023\/07\/IMG_0919-edited-1-1153x1536.jpg 1153w, https:\/\/houseofserenissima.com\/wp-content\/uploads\/2023\/07\/IMG_0919-edited-1-1537x2048.jpg 1537w, https:\/\/houseofserenissima.com\/wp-content\/uploads\/2023\/07\/IMG_0919-edited-1-1200x1599.jpg 1200w\" sizes=\"auto, (max-width: 1729px) 100vw, 1729px\" \/><\/figure>\n\n\n\n<h3 class=\"wp-block-heading\">A collective history<\/h3>\n\n\n\n<p>It was a dark and fabulous night<\/p>\n\n\n\n<div class=\"wp-block-button is-style-outline is-style-outline--1\"><a class=\"wp-block-button__link wp-element-button\" href=\"https:\/\/houseofserenissima.com\/index.php\/chi-siamo\/\" target=\"_blank\" rel=\"noreferrer noopener\">Read more<\/a><\/div>\n<\/div><\/div>\n\n\n\n<div class=\"wp-block-group\"><div class=\"wp-block-group__inner-container is-layout-flow wp-block-group-is-layout-flow\">\n<figure class=\"wp-block-image alignfull size-full\"><img loading=\"lazy\" decoding=\"async\" width=\"576\" height=\"768\" src=\"https:\/\/houseofserenissima.com\/wp-content\/uploads\/2023\/07\/IMG_20230625_231213_959-edited.jpg\" alt=\"\" class=\"wp-image-134\" srcset=\"https:\/\/houseofserenissima.com\/wp-content\/uploads\/2023\/07\/IMG_20230625_231213_959-edited.jpg 576w, https:\/\/houseofserenissima.com\/wp-content\/uploads\/2023\/07\/IMG_20230625_231213_959-edited-225x300.jpg 225w\" sizes=\"auto, (max-width: 576px) 100vw, 576px\" \/><\/figure>\n\n\n\n<h3 class=\"wp-block-heading\">Events and shows<\/h3>\n\n\n\n<p>Of all colours<\/p>\n\n\n\n<div class=\"wp-block-button is-style-outline is-style-outline--2\"><a class=\"wp-block-button__link wp-element-button\" href=\"https:\/\/houseofserenissima.com\/index.php\/eventi\/\" target=\"_blank\" rel=\"noreferrer noopener\">Read more<\/a><\/div>\n<\/div><\/div>\n<\/div>\n\n\n\n<div class=\"wp-block-column is-layout-flow wp-block-column-is-layout-flow\">\n<div class=\"wp-block-group\"><div class=\"wp-block-group__inner-container is-layout-flow wp-block-group-is-layout-flow\">\n<figure class=\"wp-block-image alignfull size-large\"><img loading=\"lazy\" decoding=\"async\" width=\"768\" height=\"1024\" src=\"https:\/\/houseofserenissima.com\/wp-content\/uploads\/2023\/07\/IMG_0948-1-768x1024.jpeg\" alt=\"\" class=\"wp-image-66\" srcset=\"https:\/\/houseofserenissima.com\/wp-content\/uploads\/2023\/07\/IMG_0948-1-768x1024.jpeg 768w, https:\/\/houseofserenissima.com\/wp-content\/uploads\/2023\/07\/IMG_0948-1-225x300.jpeg 225w, https:\/\/houseofserenissima.com\/wp-content\/uploads\/2023\/07\/IMG_0948-1-1152x1536.jpeg 1152w, https:\/\/houseofserenissima.com\/wp-content\/uploads\/2023\/07\/IMG_0948-1-1536x2048.jpeg 1536w, https:\/\/houseofserenissima.com\/wp-content\/uploads\/2023\/07\/IMG_0948-1-1200x1600.jpeg 1200w, https:\/\/houseofserenissima.com\/wp-content\/uploads\/2023\/07\/IMG_0948-1-1980x2640.jpeg 1980w, https:\/\/houseofserenissima.com\/wp-content\/uploads\/2023\/07\/IMG_0948-1-scaled.jpeg 1920w\" sizes=\"auto, (max-width: 768px) 100vw, 768px\" \/><\/figure>\n\n\n\n<h3 class=\"wp-block-heading\">A political look<\/h3>\n\n\n\n<p>Not just entertainment<\/p>\n\n\n\n<div class=\"wp-block-button is-style-outline is-style-outline--3\"><a class=\"wp-block-button__link wp-element-button\" href=\"https:\/\/houseofserenissima.com\/en\/uno-sguardo-politico\/\" target=\"_blank\" rel=\"noreferrer noopener\">Read more<\/a><\/div>\n<\/div><\/div>\n\n\n\n<div class=\"wp-block-group\"><div class=\"wp-block-group__inner-container is-layout-flow wp-block-group-is-layout-flow\">\n<figure class=\"wp-block-image alignfull size-large\"><img loading=\"lazy\" decoding=\"async\" width=\"1919\" height=\"2560\" src=\"https:\/\/houseofserenissima.com\/wp-content\/uploads\/2023\/07\/IMG_8775-edited-5-scaled.jpg\" alt=\"\" class=\"wp-image-133\" srcset=\"https:\/\/houseofserenissima.com\/wp-content\/uploads\/2023\/07\/IMG_8775-edited-5-scaled.jpg 1919w, https:\/\/houseofserenissima.com\/wp-content\/uploads\/2023\/07\/IMG_8775-edited-5-225x300.jpg 225w, https:\/\/houseofserenissima.com\/wp-content\/uploads\/2023\/07\/IMG_8775-edited-5-768x1024.jpg 768w, https:\/\/houseofserenissima.com\/wp-content\/uploads\/2023\/07\/IMG_8775-edited-5-1152x1536.jpg 1152w, https:\/\/houseofserenissima.com\/wp-content\/uploads\/2023\/07\/IMG_8775-edited-5-1536x2048.jpg 1536w, https:\/\/houseofserenissima.com\/wp-content\/uploads\/2023\/07\/IMG_8775-edited-5-1200x1601.jpg 1200w, https:\/\/houseofserenissima.com\/wp-content\/uploads\/2023\/07\/IMG_8775-edited-5-1980x2641.jpg 1980w\" sizes=\"auto, (max-width: 1919px) 100vw, 1919px\" \/><\/figure>\n\n\n\n<h3 class=\"wp-block-heading\">Members of the House<\/h3>\n\n\n\n<p>Under the mask<\/p>\n\n\n\n<div class=\"wp-block-button is-style-outline is-style-outline--4\"><a class=\"wp-block-button__link wp-element-button\" href=\"https:\/\/houseofserenissima.com\/index.php\/drag-performers\/\" target=\"_blank\" rel=\"noreferrer noopener\">Read more<\/a><\/div>\n<\/div><\/div>\n<\/div>\n<\/div>\n\n\n\n<figure class=\"wp-block-image alignfull size-large\"><img loading=\"lazy\" decoding=\"async\" width=\"720\" height=\"811\" src=\"https:\/\/houseofserenissima.com\/wp-content\/uploads\/2023\/07\/Lagabri01-edited.jpg\" alt=\"\" class=\"wp-image-53\" srcset=\"https:\/\/houseofserenissima.com\/wp-content\/uploads\/2023\/07\/Lagabri01-edited.jpg 720w, https:\/\/houseofserenissima.com\/wp-content\/uploads\/2023\/07\/Lagabri01-edited-266x300.jpg 266w\" sizes=\"auto, (max-width: 720px) 100vw, 720px\" \/><\/figure>\n\n\n\n<div class=\"wp-block-group alignwide\"><div class=\"wp-block-group__inner-container is-layout-flow wp-block-group-is-layout-flow\">\n<h2 class=\"wp-block-heading has-text-align-center has-accent-color has-text-color\">\"Cyborgs, as philosopher Donna Haraway has established, are not respectful. They do not remember the Universe.\"<\/h2>\n<\/div><\/div>\n\n\n\n<p>The House of Serenissima is Venice's drag collective, an artistic project to bring the drag art of queer people living in Venice to stages and public places.<\/p>\n\n\n\n<p>Founded in 2021 from a rib of the Queer We Go collective following the sinking of the Zan DDL to fight against homolesbobitransphobia, the House of Serenissima takes up the concept of communities of drag performers who identify with a shared artistic project.<br>The House of Serenissima is a militant art group that aims to:<br>- Giving a space to people who want to try drag<br>- Propose an alternative to the cultural offer of Venice, beyond spritz - finger food and big events for tourists and private parties for big wallets<br>- Giving a voice to queer people in Venice<br>- Creating shows with a political content<\/p>\n\n\n\n<p>House produces on stages all over Italy. It also offers turnkey shows or collaboratively written together with the cultural organisations that host them.<\/p>\n\n\n\n<p><\/p>\n\n\n\n<div class=\"wp-block-group alignwide has-background\" style=\"background-color:#ffffff\"><div class=\"wp-block-group__inner-container is-layout-flow wp-block-group-is-layout-flow\">\n<div class=\"wp-block-group\"><div class=\"wp-block-group__inner-container is-layout-flow wp-block-group-is-layout-flow\">\n<h2 class=\"wp-block-heading has-text-align-center\">Support <\/h2>\n\n\n\n<h2 class=\"wp-block-heading has-text-align-center\">the House of Serenissima<\/h2>\n\n\n\n<p class=\"has-text-align-center\">Make yourself heard!<\/p>\n\n\n\n<div class=\"wp-block-button aligncenter\"><a class=\"wp-block-button__link wp-element-button\" href=\"https:\/\/www.instagram.com\/house_of_serenissima\/\" target=\"_blank\" rel=\"noreferrer noopener\">Follow us on Instagram<\/a><\/div>\n<\/div><\/div>\n<\/div><\/div>\n\n\n\n<figure class=\"wp-block-gallery alignwide has-nested-images columns-default is-cropped wp-block-gallery-5 is-layout-flex wp-block-gallery-is-layout-flex\">\n<figure class=\"wp-block-image size-large\"><img loading=\"lazy\" decoding=\"async\" width=\"1365\" height=\"1820\" data-id=\"62\" src=\"https:\/\/houseofserenissima.com\/wp-content\/uploads\/2023\/07\/HRGI7086-edited.jpg\" alt=\"\" class=\"wp-image-62\" srcset=\"https:\/\/houseofserenissima.com\/wp-content\/uploads\/2023\/07\/HRGI7086-edited.jpg 1365w, https:\/\/houseofserenissima.com\/wp-content\/uploads\/2023\/07\/HRGI7086-edited-225x300.jpg 225w, https:\/\/houseofserenissima.com\/wp-content\/uploads\/2023\/07\/HRGI7086-edited-768x1024.jpg 768w, https:\/\/houseofserenissima.com\/wp-content\/uploads\/2023\/07\/HRGI7086-edited-1152x1536.jpg 1152w, https:\/\/houseofserenissima.com\/wp-content\/uploads\/2023\/07\/HRGI7086-edited-1200x1600.jpg 1200w\" sizes=\"auto, (max-width: 1365px) 100vw, 1365px\" \/><\/figure>\n\n\n\n<figure class=\"wp-block-image size-large\"><img loading=\"lazy\" decoding=\"async\" width=\"683\" height=\"1024\" data-id=\"136\" src=\"https:\/\/houseofserenissima.com\/wp-content\/uploads\/2023\/07\/IMG_9108-683x1024.jpg\" alt=\"\" class=\"wp-image-136\" srcset=\"https:\/\/houseofserenissima.com\/wp-content\/uploads\/2023\/07\/IMG_9108-683x1024.jpg 683w, https:\/\/houseofserenissima.com\/wp-content\/uploads\/2023\/07\/IMG_9108-200x300.jpg 200w, https:\/\/houseofserenissima.com\/wp-content\/uploads\/2023\/07\/IMG_9108-768x1152.jpg 768w, https:\/\/houseofserenissima.com\/wp-content\/uploads\/2023\/07\/IMG_9108-1024x1536.jpg 1024w, https:\/\/houseofserenissima.com\/wp-content\/uploads\/2023\/07\/IMG_9108-1365x2048.jpg 1365w, https:\/\/houseofserenissima.com\/wp-content\/uploads\/2023\/07\/IMG_9108-1200x1800.jpg 1200w, https:\/\/houseofserenissima.com\/wp-content\/uploads\/2023\/07\/IMG_9108-1980x2970.jpg 1980w, https:\/\/houseofserenissima.com\/wp-content\/uploads\/2023\/07\/IMG_9108-scaled.jpg 1707w\" sizes=\"auto, (max-width: 683px) 100vw, 683px\" \/><\/figure>\n<\/figure>","protected":false},"excerpt":{"rendered":"<p>The Drag House in Venice IMPORTANT ANNOUNCEMENT Live from the blog: A Bafta for the House of Serenissima? \"You have a world inside\" by Lola Benvestio The House on TV The House of Serenissima on French TV: discover the House's drag project in Canal+'s 'Les nouveaux explorateurs' programme Pour les 40 ans de Canal+, [...]<\/p>","protected":false},"author":1,"featured_media":123,"parent":0,"menu_order":0,"comment_status":"closed","ping_status":"closed","template":"","meta":{"footnotes":""},"class_list":["post-13","page","type-page","status-publish","has-post-thumbnail","hentry"],"_links":{"self":[{"href":"https:\/\/houseofserenissima.com\/en\/wp-json\/wp\/v2\/pages\/13","targetHints":{"allow":["GET"]}}],"collection":[{"href":"https:\/\/houseofserenissima.com\/en\/wp-json\/wp\/v2\/pages"}],"about":[{"href":"https:\/\/houseofserenissima.com\/en\/wp-json\/wp\/v2\/types\/page"}],"author":[{"embeddable":true,"href":"https:\/\/houseofserenissima.com\/en\/wp-json\/wp\/v2\/users\/1"}],"replies":[{"embeddable":true,"href":"https:\/\/houseofserenissima.com\/en\/wp-json\/wp\/v2\/comments?post=13"}],"version-history":[{"count":35,"href":"https:\/\/houseofserenissima.com\/en\/wp-json\/wp\/v2\/pages\/13\/revisions"}],"predecessor-version":[{"id":458,"href":"https:\/\/houseofserenissima.com\/en\/wp-json\/wp\/v2\/pages\/13\/revisions\/458"}],"wp:featuredmedia":[{"embeddable":true,"href":"https:\/\/houseofserenissima.com\/en\/wp-json\/wp\/v2\/media\/123"}],"wp:attachment":[{"href":"https:\/\/houseofserenissima.com\/en\/wp-json\/wp\/v2\/media?parent=13"}],"curies":[{"name":"wp","href":"https:\/\/api.w.org\/{rel}","templated":true}]}}